{"id":55041,"date":"2026-03-06T13:14:11","date_gmt":"2026-03-06T13:14:11","guid":{"rendered":"https:\/\/www.blandyglow.com\/?post_type=product&#038;p=55041"},"modified":"2026-03-06T13:14:34","modified_gmt":"2026-03-06T13:14:34","slug":"perruque-naturelle-1b-lisse-sdd-copie","status":"publish","type":"product","link":"https:\/\/www.blandyglow.com\/index.php\/product\/perruque-naturelle-1b-lisse-sdd-copie\/","title":{"rendered":"Perruque naturelle 1b lisse SDD (Copie)"},"content":{"rendered":"<p>Cette perruque lisse de 26 pouces en cheveux naturels 100 % qualit\u00e9 sup\u00e9rieure \u2013 Super Double Drawn (SDD) est id\u00e9ale pour celles qui recherchent volume, longueur et \u00e9l\u00e9gance.<\/p>\n<p>Sa texture lisse, douce et soyeuse offre un rendu brillant et tr\u00e8s naturel. Gr\u00e2ce \u00e0 la qualit\u00e9 Super Double Drawn, les m\u00e8ches sont soigneusement s\u00e9lectionn\u00e9es afin que la majorit\u00e9 des cheveux aient la m\u00eame longueur de la racine jusqu\u2019aux pointes, ce qui donne une chevelure dense, \u00e9paisse et uniforme.<\/p>\n<p>La perruque est dot\u00e9e d\u2019une lace frontale 13&#215;4 pouvant aller jusqu\u2019\u00e0 13&#215;6, permettant une ligne frontale tr\u00e8s naturelle et plusieurs possibilit\u00e9s de coiffure : raie au milieu, sur le c\u00f4t\u00e9 ou styles relev\u00e9s \u00e0 l\u2019avant.<\/p>\n<p>Cette perruque est parfaite pour un look glamour, sophistiqu\u00e9 et durable, adapt\u00e9e aussi bien au quotidien qu\u2019aux grandes occasions.<\/p>\n<p>La lace transparente se fond facilement avec le cuir chevelu pour un effet discret et r\u00e9aliste.<\/p>\n<p>\u2728 Z\u00e9ro colle, z\u00e9ro effort<\/p>\n<p>\u2728Cheveux : 100 % naturels qualit\u00e9 sup\u00e9rieure<\/p>\n<p>\u2728Qualit\u00e9 : Super Double Drawn (SDD)<\/p>\n<p>\u2728Couleur : Noir naturel (1B)<\/p>\n<p>\u2728Texture : Lisse<\/p>\n<p>\u2728Densit\u00e9 : 180%<\/p>\n<p>\u2728Finition : naturelle, brillante et facile \u00e0 coiffer<\/p>\n<p class=\"ds-markdown-paragraph\">\n","protected":false},"excerpt":{"rendered":"<p class=\"ds-markdown-paragraph\">Cette perruque lisse de 26 pouces en cheveux naturels 100 % qualit\u00e9 sup\u00e9rieure \u2013 Super Double Drawn (SDD) est id\u00e9ale pour celles qui recherchent volume, longueur et \u00e9l\u00e9gance.<\/p>\n<p class=\"ds-markdown-paragraph\">\u2728Cheveux : 100 % naturels qualit\u00e9 sup\u00e9rieure<br \/>\n\u2728 Super Double Drawn (SDD)<br \/>\n\u2728 Noir naturel (1B)<\/p>\n","protected":false},"featured_media":55027,"comment_status":"open","ping_status":"closed","template":"","meta":[],"product_brand":[],"product_cat":[157,150,164],"product_tag":[86,112],"class_list":{"0":"post-55041","1":"product","2":"type-product","3":"status-publish","4":"has-post-thumbnail","6":"product_cat-nouveautes","7":"product_cat-perruques-bob","8":"product_cat-perruques-lisses","9":"product_tag-life-style","10":"product_tag-trend","13":"first","14":"instock","15":"featured","16":"shipping-taxable","17":"purchasable","18":"product-type-variable"},"jetpack_sharing_enabled":true,"_links":{"self":[{"href":"https:\/\/www.blandyglow.com\/index.php\/wp-json\/wp\/v2\/product\/55041","targetHints":{"allow":["GET"]}}],"collection":[{"href":"https:\/\/www.blandyglow.com\/index.php\/wp-json\/wp\/v2\/product"}],"about":[{"href":"https:\/\/www.blandyglow.com\/index.php\/wp-json\/wp\/v2\/types\/product"}],"replies":[{"embeddable":true,"href":"https:\/\/www.blandyglow.com\/index.php\/wp-json\/wp\/v2\/comments?post=55041"}],"wp:featuredmedia":[{"embeddable":true,"href":"https:\/\/www.blandyglow.com\/index.php\/wp-json\/wp\/v2\/media\/55027"}],"wp:attachment":[{"href":"https:\/\/www.blandyglow.com\/index.php\/wp-json\/wp\/v2\/media?parent=55041"}],"wp:term":[{"taxonomy":"product_brand","embeddable":true,"href":"https:\/\/www.blandyglow.com\/index.php\/wp-json\/wp\/v2\/product_brand?post=55041"},{"taxonomy":"product_cat","embeddable":true,"href":"https:\/\/www.blandyglow.com\/index.php\/wp-json\/wp\/v2\/product_cat?post=55041"},{"taxonomy":"product_tag","embeddable":true,"href":"https:\/\/www.blandyglow.com\/index.php\/wp-json\/wp\/v2\/product_tag?post=55041"}],"curies":[{"name":"wp","href":"https:\/\/api.w.org\/{rel}","templated":true}]}}