{"id":54998,"date":"2026-03-05T16:17:09","date_gmt":"2026-03-05T16:17:09","guid":{"rendered":"https:\/\/www.blandyglow.com\/?post_type=product&#038;p=54998"},"modified":"2026-03-17T10:34:05","modified_gmt":"2026-03-17T10:34:05","slug":"perruque-naturelle-ombre-lisse-avec-frange","status":"publish","type":"product","link":"https:\/\/www.blandyglow.com\/index.php\/product\/perruque-naturelle-ombre-lisse-avec-frange\/","title":{"rendered":"Perruque naturelle ombr\u00e9 lisse avec frange"},"content":{"rendered":"<div class=\"flex flex-col text-sm pb-25\">\n<article class=\"text-token-text-primary w-full focus:outline-none [--shadow-height:45px] has-data-writing-block:pointer-events-none has-data-writing-block:-mt-(--shadow-height) has-data-writing-block:pt-(--shadow-height) [&amp;:has([data-writing-block])&gt;*]:pointer-events-auto scroll-mt-[calc(var(--header-height)+min(200px,max(70px,20svh)))]\" dir=\"auto\" tabindex=\"-1\" data-turn-id=\"request-WEB:7d8e0aa1-1979-40cf-8ec2-c6e72f4e6574-3\" data-testid=\"conversation-turn-8\" data-scroll-anchor=\"true\" data-turn=\"assistant\">\n<div class=\"text-base my-auto mx-auto pb-10 [--thread-content-margin:--spacing(4)] @w-sm\/main:[--thread-content-margin:--spacing(6)] @w-lg\/main:[--thread-content-margin:--spacing(16)] px-(--thread-content-margin)\">\n<div class=\"[--thread-content-max-width:40rem] @w-lg\/main:[--thread-content-max-width:48rem] mx-auto max-w-(--thread-content-max-width) flex-1 group\/turn-messages focus-visible:outline-hidden relative flex w-full min-w-0 flex-col agent-turn\" tabindex=\"-1\">\n<div class=\"flex max-w-full flex-col grow\">\n<div class=\"min-h-8 text-message relative flex w-full flex-col items-end gap-2 text-start break-words whitespace-normal [.text-message+&amp;]:mt-1\" dir=\"auto\" data-message-author-role=\"assistant\" data-message-id=\"b1dd4a19-3044-474f-af7e-9abc4bb76118\" data-message-model-slug=\"gpt-5-3\">\n<div class=\"flex w-full flex-col gap-1 empty:hidden first:pt-[1px]\">\n<div class=\"markdown prose dark:prose-invert w-full wrap-break-word dark markdown-new-styling\">\n<p data-start=\"211\" data-end=\"471\">R\u00e9alis\u00e9e en cheveux humains 100 % haute qualit\u00e9, sa texture l\u00e9g\u00e8re et ses boucles d\u00e9licates cr\u00e9ent un volume \u00e9quilibr\u00e9 et lumineux, id\u00e9al pour un style \u00e0 la fois naturel et raffin\u00e9.<\/p>\n<p data-start=\"473\" data-end=\"714\">Enti\u00e8rement r\u00e9alis\u00e9e \u00e0 la main et sans dentelle pour se fondre harmonieusement dans la peau pour une implantation discr\u00e8te et r\u00e9aliste. Elle est confortable et s\u2019ajuste facilement \u00e0 la forme de la t\u00eate pour un maintien fiable, sans avoir besoin de colle. La frange est de longueur suffisante pour donner libre cours \u00e0 votre imagination.<\/p>\n<p data-start=\"873\" data-end=\"1059\" data-is-last-node=\"\" data-is-only-node=\"\">\u2728 Installation facile, sans colle<br data-start=\"910\" data-end=\"913\" \/>\u2728 Machine made wig (sans dentelle)<br data-start=\"950\" data-end=\"953\" \/>\u2728 Ondulations douces et mouvement naturel<\/p>\n<\/div>\n<\/div>\n<\/div>\n<\/div>\n<div class=\"z-0 flex min-h-[46px] justify-start\"><\/div>\n<div class=\"mt-3 w-full empty:hidden\">\n<div class=\"text-center\"><\/div>\n<\/div>\n<\/div>\n<\/div>\n<\/article>\n<\/div>\n<div class=\"pointer-events-none h-px w-px absolute bottom-0\" aria-hidden=\"true\" data-edge=\"true\"><\/div>\n","protected":false},"excerpt":{"rendered":"<div class=\"flex flex-col text-sm pb-25\">\n<article class=\"text-token-text-primary w-full focus:outline-none [--shadow-height:45px] has-data-writing-block:pointer-events-none has-data-writing-block:-mt-(--shadow-height) has-data-writing-block:pt-(--shadow-height) [&amp;:has([data-writing-block])&gt;*]:pointer-events-auto scroll-mt-[calc(var(--header-height)+min(200px,max(70px,20svh)))]\" dir=\"auto\" tabindex=\"-1\" data-turn-id=\"request-WEB:7d8e0aa1-1979-40cf-8ec2-c6e72f4e6574-3\" data-testid=\"conversation-turn-8\" data-scroll-anchor=\"true\" data-turn=\"assistant\">\n<div class=\"text-base my-auto mx-auto pb-10 [--thread-content-margin:--spacing(4)] @w-sm\/main:[--thread-content-margin:--spacing(6)] @w-lg\/main:[--thread-content-margin:--spacing(16)] px-(--thread-content-margin)\">\n<div class=\"[--thread-content-max-width:40rem] @w-lg\/main:[--thread-content-max-width:48rem] mx-auto max-w-(--thread-content-max-width) flex-1 group\/turn-messages focus-visible:outline-hidden relative flex w-full min-w-0 flex-col agent-turn\" tabindex=\"-1\">\n<div class=\"flex max-w-full flex-col grow\">\n<div class=\"min-h-8 text-message relative flex w-full flex-col items-end gap-2 text-start break-words whitespace-normal [.text-message+&amp;]:mt-1\" dir=\"auto\" data-message-author-role=\"assistant\" data-message-id=\"b1dd4a19-3044-474f-af7e-9abc4bb76118\" data-message-model-slug=\"gpt-5-3\">\n<div class=\"flex w-full flex-col gap-1 empty:hidden first:pt-[1px]\">\n<div class=\"markdown prose dark:prose-invert w-full wrap-break-word dark markdown-new-styling\">\n<p data-start=\"211\" data-end=\"471\">R\u00e9alis\u00e9e en cheveux humains 100 % haute qualit\u00e9, sa texture l\u00e9g\u00e8re et ses boucles d\u00e9licates cr\u00e9ent un volume \u00e9quilibr\u00e9 et lumineux, id\u00e9al pour un style \u00e0 la fois naturel et raffin\u00e9.<\/p>\n<p data-start=\"873\" data-end=\"1059\" data-is-last-node=\"\" data-is-only-node=\"\">\u2728 Installation facile, sans colle<br data-start=\"910\" data-end=\"913\" \/>\u2728 Machine made wig (sans dentelle)<br data-start=\"950\" data-end=\"953\" \/>\u2728 Ondulations douces et mouvement naturel<\/p>\n<\/div>\n<\/div>\n<\/div>\n<\/div>\n<div class=\"z-0 flex min-h-[46px] justify-start\"><\/div>\n<div class=\"mt-3 w-full empty:hidden\">\n<div class=\"text-center\"><\/div>\n<\/div>\n<\/div>\n<\/div>\n<\/article>\n<\/div>\n<div class=\"pointer-events-none h-px w-px absolute bottom-0\" aria-hidden=\"true\" data-edge=\"true\"><\/div>\n","protected":false},"featured_media":55073,"comment_status":"open","ping_status":"closed","template":"","meta":[],"product_brand":[],"product_cat":[157,150],"product_tag":[86,112],"class_list":{"0":"post-54998","1":"product","2":"type-product","3":"status-publish","4":"has-post-thumbnail","6":"product_cat-nouveautes","7":"product_cat-perruques-bob","8":"product_tag-life-style","9":"product_tag-trend","12":"first","13":"instock","14":"featured","15":"shipping-taxable","16":"purchasable","17":"product-type-variable"},"jetpack_sharing_enabled":true,"_links":{"self":[{"href":"https:\/\/www.blandyglow.com\/index.php\/wp-json\/wp\/v2\/product\/54998","targetHints":{"allow":["GET"]}}],"collection":[{"href":"https:\/\/www.blandyglow.com\/index.php\/wp-json\/wp\/v2\/product"}],"about":[{"href":"https:\/\/www.blandyglow.com\/index.php\/wp-json\/wp\/v2\/types\/product"}],"replies":[{"embeddable":true,"href":"https:\/\/www.blandyglow.com\/index.php\/wp-json\/wp\/v2\/comments?post=54998"}],"wp:featuredmedia":[{"embeddable":true,"href":"https:\/\/www.blandyglow.com\/index.php\/wp-json\/wp\/v2\/media\/55073"}],"wp:attachment":[{"href":"https:\/\/www.blandyglow.com\/index.php\/wp-json\/wp\/v2\/media?parent=54998"}],"wp:term":[{"taxonomy":"product_brand","embeddable":true,"href":"https:\/\/www.blandyglow.com\/index.php\/wp-json\/wp\/v2\/product_brand?post=54998"},{"taxonomy":"product_cat","embeddable":true,"href":"https:\/\/www.blandyglow.com\/index.php\/wp-json\/wp\/v2\/product_cat?post=54998"},{"taxonomy":"product_tag","embeddable":true,"href":"https:\/\/www.blandyglow.com\/index.php\/wp-json\/wp\/v2\/product_tag?post=54998"}],"curies":[{"name":"wp","href":"https:\/\/api.w.org\/{rel}","templated":true}]}}