{"id":9095,"date":"2020-01-13T06:50:18","date_gmt":"2020-01-13T06:50:18","guid":{"rendered":"http:\/\/localhost\/wordpress\/lumei\/?page_id=9095"},"modified":"2026-03-02T09:56:19","modified_gmt":"2026-03-02T09:56:19","slug":"info","status":"publish","type":"page","link":"https:\/\/www.blandyglow.com\/index.php\/info\/","title":{"rendered":"Info"},"content":{"rendered":"\t\t<div data-elementor-type=\"wp-page\" data-elementor-id=\"9095\" class=\"elementor elementor-9095\">\n\t\t\t\t<div class=\"elementor-element elementor-element-ee31c42 e-con-full e-flex e-con e-parent\" data-id=\"ee31c42\" data-element_type=\"container\">\n\t\t<div class=\"elementor-element elementor-element-74744bb e-con-full e-flex e-con e-child\" data-id=\"74744bb\" data-element_type=\"container\">\n\t\t\t\t<div class=\"elementor-element elementor-element-f985f05 elementor-widget elementor-widget-text-editor\" data-id=\"f985f05\" data-element_type=\"widget\" data-widget_type=\"text-editor.default\">\n\t\t\t\t\t\t\t\t\t<p>\u00e0 propos <br \/>de la marque<\/p>\t\t\t\t\t\t\t\t<\/div>\n\t\t\t\t<\/div>\n\t\t<div class=\"elementor-element elementor-element-c2c6b9d e-con-full e-flex e-con e-child\" data-id=\"c2c6b9d\" data-element_type=\"container\">\n\t\t\t\t<\/div>\n\t\t\t\t<\/div>\n\t\t\t\t<section class=\"elementor-section elementor-top-section elementor-element elementor-element-bbe0509 elementor-section-boxed elementor-section-height-default elementor-section-height-default\" data-id=\"bbe0509\" data-element_type=\"section\">\n\t\t\t\t\t\t<div class=\"elementor-container elementor-column-gap-default\">\n\t\t\t\t\t<div class=\"elementor-column elementor-col-50 elementor-top-column elementor-element elementor-element-6980463\" data-id=\"6980463\" data-element_type=\"column\">\n\t\t\t<div class=\"elementor-widget-wrap elementor-element-populated\">\n\t\t\t\t\t\t<div class=\"elementor-element elementor-element-ae1f6b5 elementor-widget elementor-widget-bwp_image\" data-id=\"ae1f6b5\" data-element_type=\"widget\" data-widget_type=\"bwp_image.default\">\n\t\t\t\t<div class=\"elementor-widget-container\">\n\t\t\t\t\t<div class=\"bwp-widget-banner default\">\t\r\n\t<div class=\"bg-banner\">\r\n\t\t<div class=\"banner-wrapper banners\">\r\n\t\t\t\t\t\t\t<div class=\"bwp-image\">\r\n\t\t\t\t\t\t\t\t\t\t\t<a href=\"#\"><img decoding=\"async\" class=\"fade-in lazyload elementor-animation-grow\" src=\"http:\/\/www.blandyglow.com\/wp-content\/uploads\/2026\/02\/JVHQ2067.jpg\" alt=\"Banner Image\"><\/a>\r\n\t\t\t\t\t\t\t\t\t<\/div>\r\n\t\t\t\t\t\t<div class=\"banner-wrapper-infor\">\r\n\t\t\t\t<div class=\"info\">\r\n\t\t\t\t\t<div class=\"content\">\r\n\t\t\t\t\t\t\t\t\t\t\t\t\t\t\t\t\t\t\t\t\t\t\t\t\t\t\t\t\t<\/div>\r\n\t\t\t\t<\/div>\r\n\t\t\t<\/div>\r\n\t\t<\/div>\r\n\t<\/div>\r\n<\/div>\r\n\t\t\t\t<\/div>\n\t\t\t\t<\/div>\n\t\t\t\t\t<\/div>\n\t\t<\/div>\n\t\t\t\t<div class=\"elementor-column elementor-col-50 elementor-top-column elementor-element elementor-element-cba009f\" data-id=\"cba009f\" data-element_type=\"column\">\n\t\t\t<div class=\"elementor-widget-wrap elementor-element-populated\">\n\t\t\t\t\t\t<div class=\"elementor-element elementor-element-c7b1176 elementor-widget elementor-widget-heading\" data-id=\"c7b1176\" data-element_type=\"widget\" data-widget_type=\"heading.default\">\n\t\t\t\t\t<h3 class=\"elementor-heading-title elementor-size-default\">Sublimez Votre Beaut\u00e9 <br>Au Quotidien<\/h3>\t\t\t\t<\/div>\n\t\t\t\t<div class=\"elementor-element elementor-element-1bd47c2 elementor-widget elementor-widget-text-editor\" data-id=\"1bd47c2\" data-element_type=\"widget\" data-widget_type=\"text-editor.default\">\n\t\t\t\t\t\t\t\t\t<p>Nous proposons des perruques haut de gamme adapt\u00e9es \u00e0 chaque <br \/>moment de votre vie, que ce soit pour le quotidien, une soir\u00e9e <br \/>sp\u00e9ciale ou une grande c\u00e9r\u00e9monie. Notre collection vari\u00e9e de <br \/>styles, longueurs et couleurs a \u00e9t\u00e9 pens\u00e9e pour sublimer chaque <br \/>femme selon sa personnalit\u00e9 et ses envies.<\/p>\t\t\t\t\t\t\t\t<\/div>\n\t\t\t\t<div class=\"elementor-element elementor-element-6e38456 elementor-align-center elementor-widget elementor-widget-bwp_button\" data-id=\"6e38456\" data-element_type=\"widget\" data-widget_type=\"bwp_button.default\">\n\t\t\t\t<div class=\"elementor-widget-container\">\n\t\t\t\t\t\t\t<div class=\"bwp-button-widget\">\n\t\t\t<a href=\"https:\/\/www.blandyglow.com\/index.php\/nouveaute\/\" class=\"bwp-button-link default bwp-button\" role=\"button\">\n\t\t\t\t\t\t<span class=\"bwp-button-content-wrapper\">\n\t\t\t\t\t\t<span class=\"bwp-button-text\">D\u00e9couvrir la Collection<\/span>\n\t\t<\/span>\n\t\t\t\t\t<\/a>\n\t\t<\/div>\n\t\t\t\t\t\t<\/div>\n\t\t\t\t<\/div>\n\t\t\t\t\t<\/div>\n\t\t<\/div>\n\t\t\t\t\t<\/div>\n\t\t<\/section>\n\t\t<div class=\"elementor-element elementor-element-91275d3 e-flex e-con-boxed e-con e-parent\" data-id=\"91275d3\" data-element_type=\"container\">\n\t\t\t\t\t<div class=\"e-con-inner\">\n\t\t\t\t<div class=\"elementor-element elementor-element-47e8a40 elementor-widget elementor-widget-heading\" data-id=\"47e8a40\" data-element_type=\"widget\" data-widget_type=\"heading.default\">\n\t\t\t\t\t<h2 class=\"elementor-heading-title elementor-size-default\">Nous contacter<\/h2>\t\t\t\t<\/div>\n\t\t\t\t\t<\/div>\n\t\t\t\t<\/div>\n\t\t<div class=\"elementor-element elementor-element-b2c0165 e-flex e-con-boxed e-con e-parent\" data-id=\"b2c0165\" data-element_type=\"container\">\n\t\t\t\t\t<div class=\"e-con-inner\">\n\t\t<div class=\"elementor-element elementor-element-28fa224 e-con-full e-flex e-con e-child\" data-id=\"28fa224\" data-element_type=\"container\">\n\t\t\t\t<div class=\"elementor-element elementor-element-fb0f234 elementor-widget elementor-widget-text-editor\" data-id=\"fb0f234\" data-element_type=\"widget\" data-widget_type=\"text-editor.default\">\n\t\t\t\t\t\t\t\t\t<p>Notre \u00e9quipe est \u00e0 votre \u00e9coute pour toute question.<br \/>Contactez-nous via le formulaire.<\/p><p>Rappel : pour une aide plus rapide avec votre commande, pensez \u00e0 indiquer son num\u00e9ro en objet.<\/p>\t\t\t\t\t\t\t\t<\/div>\n\t\t\t\t<\/div>\n\t\t<div class=\"elementor-element elementor-element-de4acc8 e-con-full e-flex e-con e-child\" data-id=\"de4acc8\" data-element_type=\"container\">\n\t\t\t\t<div class=\"elementor-element elementor-element-8f768c8 elementor-widget elementor-widget-wpforms\" data-id=\"8f768c8\" data-element_type=\"widget\" data-widget_type=\"wpforms.default\">\n\t\t\t\t<div class=\"elementor-widget-container\">\n\t\t\t\t\t<style id=\"wpforms-css-vars-elementor-widget-8f768c8\">\n\t\t\t\t.elementor-widget-wpforms.elementor-element-8f768c8 {\n\t\t\t\t--wpforms-button-background-color: #000000;\n\t\t\t}\n\t\t\t<\/style><div class=\"wpforms-container wpforms-container-full wpforms-render-modern\" id=\"wpforms-54656\"><form id=\"wpforms-form-54656\" class=\"wpforms-validate wpforms-form wpforms-ajax-form\" data-formid=\"54656\" method=\"post\" enctype=\"multipart\/form-data\" action=\"\/index.php\/wp-json\/wp\/v2\/pages\/9095\" data-token=\"1a78b8eb003e37dbd956f506a7d2951c\" data-token-time=\"1776602051\"><noscript class=\"wpforms-error-noscript\">Veuillez activer JavaScript dans votre navigateur pour remplir ce formulaire.<\/noscript><div id=\"wpforms-error-noscript\" style=\"display: none;\">Veuillez activer JavaScript dans votre navigateur pour remplir ce formulaire.<\/div><div class=\"wpforms-field-container\"><div id=\"wpforms-54656-field_2-container\" class=\"wpforms-field wpforms-field-select wpforms-field-select-style-classic\" data-field-id=\"2\"><label class=\"wpforms-field-label wpforms-label-hide\" for=\"wpforms-54656-field_2\" aria-hidden=\"false\">Cat\u00e9gorie <span class=\"wpforms-required-label\" aria-hidden=\"true\">*<\/span><\/label><select id=\"wpforms-54656-field_2\" class=\"wpforms-field-large wpforms-field-required\" name=\"wpforms[fields][2]\" required=\"required\"><option value=\"\" class=\"placeholder\" disabled  selected='selected'>Indiquez votre cat\u00e9gorie<\/option><option value=\"Particulier\"  class=\"choice-1 depth-1\"  >Particulier<\/option><option value=\"Vente en gros\"  class=\"choice-2 depth-1\"  >Vente en gros<\/option><option value=\"Vente au d\u00e9tail\"  class=\"choice-3 depth-1\"  >Vente au d\u00e9tail<\/option><option value=\"Relations presses\"  class=\"choice-4 depth-1\"  >Relations presses<\/option><\/select><\/div><div id=\"wpforms-54656-field_3-container\" class=\"wpforms-field wpforms-field-name\" data-field-id=\"3\"><label class=\"wpforms-field-label wpforms-label-hide\" for=\"wpforms-54656-field_3\" aria-hidden=\"false\">Nom <span class=\"wpforms-required-label\" aria-hidden=\"true\">*<\/span><\/label><input type=\"text\" id=\"wpforms-54656-field_3\" class=\"wpforms-field-large wpforms-field-required\" name=\"wpforms[fields][3]\" placeholder=\"Nom*\" aria-errormessage=\"wpforms-54656-field_3-error\" required><\/div><div id=\"wpforms-54656-field_4-container\" class=\"wpforms-field wpforms-field-name\" data-field-id=\"4\"><label class=\"wpforms-field-label wpforms-label-hide\" for=\"wpforms-54656-field_4\" aria-hidden=\"false\">Pr\u00e9noms <span class=\"wpforms-required-label\" aria-hidden=\"true\">*<\/span><\/label><input type=\"text\" id=\"wpforms-54656-field_4\" class=\"wpforms-field-large wpforms-field-required\" name=\"wpforms[fields][4]\" placeholder=\"Pr\u00e9noms*\" aria-errormessage=\"wpforms-54656-field_4-error\" required><\/div>\t\t<div id=\"wpforms-54656-field_1-container\"\n\t\t\tclass=\"wpforms-field wpforms-field-text\"\n\t\t\tdata-field-type=\"text\"\n\t\t\tdata-field-id=\"1\"\n\t\t\t>\n\t\t\t<label class=\"wpforms-field-label\" for=\"wpforms-54656-field_1\" > Nom Pr\u00e9noms<\/label>\n\t\t\t<input type=\"text\" id=\"wpforms-54656-field_1\" class=\"wpforms-field-medium\" name=\"wpforms[fields][1]\" >\n\t\t<\/div>\n\t\t<div id=\"wpforms-54656-field_5-container\" class=\"wpforms-field wpforms-field-email\" data-field-id=\"5\"><label class=\"wpforms-field-label wpforms-label-hide\" for=\"wpforms-54656-field_5\" aria-hidden=\"false\">E-mail <span class=\"wpforms-required-label\" aria-hidden=\"true\">*<\/span><\/label><input type=\"email\" id=\"wpforms-54656-field_5\" class=\"wpforms-field-large wpforms-field-required\" name=\"wpforms[fields][5]\" placeholder=\"Adresse email*\" spellcheck=\"false\" aria-errormessage=\"wpforms-54656-field_5-error\" required><\/div><div id=\"wpforms-54656-field_6-container\" class=\"wpforms-field wpforms-field-text\" data-field-id=\"6\"><label class=\"wpforms-field-label wpforms-label-hide\" for=\"wpforms-54656-field_6\" aria-hidden=\"false\">Objet<\/label><input type=\"text\" id=\"wpforms-54656-field_6\" class=\"wpforms-field-large\" name=\"wpforms[fields][6]\" placeholder=\"Objet*\" aria-errormessage=\"wpforms-54656-field_6-error\" ><\/div><div id=\"wpforms-54656-field_7-container\" class=\"wpforms-field wpforms-field-textarea\" data-field-id=\"7\"><label class=\"wpforms-field-label wpforms-label-hide\" for=\"wpforms-54656-field_7\" aria-hidden=\"false\"> Message<\/label><textarea id=\"wpforms-54656-field_7\" class=\"wpforms-field-medium\" name=\"wpforms[fields][7]\" placeholder=\" Message*\" aria-errormessage=\"wpforms-54656-field_7-error\" ><\/textarea><\/div><script>\n\t\t\t\t( function() {\n\t\t\t\t\tconst style = document.createElement( 'style' );\n\t\t\t\t\tstyle.appendChild( document.createTextNode( '#wpforms-54656-field_1-container { position: absolute !important; overflow: hidden !important; display: inline !important; height: 1px !important; width: 1px !important; z-index: -1000 !important; padding: 0 !important; } #wpforms-54656-field_1-container input { visibility: hidden; } #wpforms-conversational-form-page #wpforms-54656-field_1-container label { counter-increment: none; }' ) );\n\t\t\t\t\tdocument.head.appendChild( style );\n\t\t\t\t\tdocument.currentScript?.remove();\n\t\t\t\t} )();\n\t\t\t<\/script><\/div><!-- .wpforms-field-container --><div class=\"wpforms-submit-container\" ><input type=\"hidden\" name=\"wpforms[id]\" value=\"54656\"><input type=\"hidden\" name=\"page_title\" value=\"\"><input type=\"hidden\" name=\"page_url\" value=\"https:\/\/www.blandyglow.com\/index.php\/wp-json\/wp\/v2\/pages\/9095\"><input type=\"hidden\" name=\"url_referer\" value=\"\"><button type=\"submit\" name=\"wpforms[submit]\" id=\"wpforms-submit-54656\" class=\"wpforms-submit\" data-alt-text=\"Envoi...\" data-submit-text=\"Envoyer\" aria-live=\"assertive\" value=\"wpforms-submit\">Envoyer<\/button><img decoding=\"async\" src=\"https:\/\/www.blandyglow.com\/wp-content\/plugins\/wpforms-lite\/assets\/images\/submit-spin.svg\" class=\"wpforms-submit-spinner\" style=\"display: none;\" width=\"26\" height=\"26\" alt=\"Chargement en cours\"><\/div><\/form><\/div>  <!-- .wpforms-container -->\t\t\t\t<\/div>\n\t\t\t\t<\/div>\n\t\t\t\t<\/div>\n\t\t\t\t\t<\/div>\n\t\t\t\t<\/div>\n\t\t\t\t<\/div>\n\t\t","protected":false},"excerpt":{"rendered":"<p>\u00e0 propos de la marque Sublimez Votre Beaut\u00e9 Au Quotidien Nous proposons des perruques haut de gamme adapt\u00e9es \u00e0 chaque moment de votre vie, que ce soit pour le quotidien, une soir\u00e9e sp\u00e9ciale ou une grande c\u00e9r\u00e9monie. Notre collection vari\u00e9e de styles, longueurs et couleurs a \u00e9t\u00e9 pens\u00e9e pour sublimer chaque femme selon sa personnalit\u00e9 [&hellip;]<\/p>\n","protected":false},"author":2,"featured_media":0,"parent":0,"menu_order":0,"comment_status":"closed","ping_status":"closed","template":"","meta":{"footnotes":""},"class_list":["post-9095","page","type-page","status-publish","hentry"],"jetpack_sharing_enabled":true,"_links":{"self":[{"href":"https:\/\/www.blandyglow.com\/index.php\/wp-json\/wp\/v2\/pages\/9095","targetHints":{"allow":["GET"]}}],"collection":[{"href":"https:\/\/www.blandyglow.com\/index.php\/wp-json\/wp\/v2\/pages"}],"about":[{"href":"https:\/\/www.blandyglow.com\/index.php\/wp-json\/wp\/v2\/types\/page"}],"author":[{"embeddable":true,"href":"https:\/\/www.blandyglow.com\/index.php\/wp-json\/wp\/v2\/users\/2"}],"replies":[{"embeddable":true,"href":"https:\/\/www.blandyglow.com\/index.php\/wp-json\/wp\/v2\/comments?post=9095"}],"version-history":[{"count":28,"href":"https:\/\/www.blandyglow.com\/index.php\/wp-json\/wp\/v2\/pages\/9095\/revisions"}],"predecessor-version":[{"id":54904,"href":"https:\/\/www.blandyglow.com\/index.php\/wp-json\/wp\/v2\/pages\/9095\/revisions\/54904"}],"wp:attachment":[{"href":"https:\/\/www.blandyglow.com\/index.php\/wp-json\/wp\/v2\/media?parent=9095"}],"curies":[{"name":"wp","href":"https:\/\/api.w.org\/{rel}","templated":true}]}}